{"id":593,"date":"2024-10-07T10:12:13","date_gmt":"2024-10-07T10:12:13","guid":{"rendered":"https:\/\/www.carbonfiberinsoles.shop\/?post_type=product&#038;p=593"},"modified":"2026-03-30T08:02:49","modified_gmt":"2026-03-30T08:02:49","slug":"carbon-fiber-insoles-boost-explosive-power-and-bounce-arch-support-shock-absorption-injury-prevention-alleviate-foot-pain","status":"publish","type":"product","link":"https:\/\/www.carbonfiberinsoles.shop\/pt\/produto\/carbon-fiber-insoles-boost-explosive-power-and-bounce-arch-support-shock-absorption-injury-prevention-alleviate-foot-pain\/","title":{"rendered":"Palmilhas de fibra de carbono para basquete - Aumente a pot\u00eancia explosiva"},"content":{"rendered":"<p><strong>Descri\u00e7\u00e3o do produto:<\/strong><br \/>\nLibere todo o seu potencial atl\u00e9tico com nossos produtos de alto desempenho <strong>palmilhas de fibra de carbono<\/strong>projetado para aumentar a pot\u00eancia explosiva, melhorar o salto e oferecer suporte superior ao arco. Esses <strong>palmilhas de fibra de carbono<\/strong> s\u00e3o projetados para atletas e pessoas ativas que buscam maximizar o desempenho e, ao mesmo tempo, prevenir les\u00f5es e aliviar a dor nos p\u00e9s.<\/p>\n<p>Fabricadas com fibra de carbono premium, essas palmilhas oferecem excepcional absor\u00e7\u00e3o de impactos, ajudando a reduzir o impacto nos p\u00e9s durante atividades intensas. Seja para saltar, correr ou praticar esportes de alto impacto, a constru\u00e7\u00e3o leve e dur\u00e1vel dessas palmilhas \u00e9 a melhor op\u00e7\u00e3o. <strong>palmilhas de fibra de carbono<\/strong> garante conforto duradouro e estabilidade para os p\u00e9s. O suporte do arco da palmilha melhora o alinhamento dos p\u00e9s, reduzindo a tens\u00e3o e promovendo uma melhor sa\u00fade geral dos p\u00e9s.<\/p>\n<p>Perfeitas para uso di\u00e1rio ou para esportes de alto desempenho, essas <strong>palmilhas de fibra de carbono<\/strong> ajudam voc\u00ea a se manter ativo, a evitar les\u00f5es e a se recuperar mais rapidamente de dores nos p\u00e9s, al\u00e9m de melhorar seu desempenho atl\u00e9tico.<\/p>\n<p>&nbsp;<\/p>\n<p>&nbsp;<\/p>\n<p><img fetchpriority=\"high\" decoding=\"async\" class=\"wp-image-596 size-full aligncenter\" src=\"https:\/\/www.carbonfiberinsoles.shop\/wp-content\/uploads\/2024\/10\/Carbon-Fiber-Insoles-Boost-Explosive-Power-and-Bounce-Arch-Support-Shock-Absorption-Injury-Prevention-Alleviate-Foot-Pain-1-3.png\" alt=\"Palmilhas de fibra de carbono - aumentam a pot\u00eancia explosiva e o ressalto, d\u00e3o suporte ao arco, absorvem o choque, previnem les\u00f5es e aliviam a dor nos p\u00e9s (1)\" width=\"720\" height=\"720\" srcset=\"https:\/\/www.carbonfiberinsoles.shop\/wp-content\/uploads\/2024\/10\/Carbon-Fiber-Insoles-Boost-Explosive-Power-and-Bounce-Arch-Support-Shock-Absorption-Injury-Prevention-Alleviate-Foot-Pain-1-3.png 720w, https:\/\/www.carbonfiberinsoles.shop\/wp-content\/uploads\/2024\/10\/Carbon-Fiber-Insoles-Boost-Explosive-Power-and-Bounce-Arch-Support-Shock-Absorption-Injury-Prevention-Alleviate-Foot-Pain-1-3-430x430.png 430w, https:\/\/www.carbonfiberinsoles.shop\/wp-content\/uploads\/2024\/10\/Carbon-Fiber-Insoles-Boost-Explosive-Power-and-Bounce-Arch-Support-Shock-Absorption-Injury-Prevention-Alleviate-Foot-Pain-1-3-100x100.png 100w, https:\/\/www.carbonfiberinsoles.shop\/wp-content\/uploads\/2024\/10\/Carbon-Fiber-Insoles-Boost-Explosive-Power-and-Bounce-Arch-Support-Shock-Absorption-Injury-Prevention-Alleviate-Foot-Pain-1-3-700x700.png 700w, https:\/\/www.carbonfiberinsoles.shop\/wp-content\/uploads\/2024\/10\/Carbon-Fiber-Insoles-Boost-Explosive-Power-and-Bounce-Arch-Support-Shock-Absorption-Injury-Prevention-Alleviate-Foot-Pain-1-3-300x300.png 300w, https:\/\/www.carbonfiberinsoles.shop\/wp-content\/uploads\/2024\/10\/Carbon-Fiber-Insoles-Boost-Explosive-Power-and-Bounce-Arch-Support-Shock-Absorption-Injury-Prevention-Alleviate-Foot-Pain-1-3-150x150.png 150w\" sizes=\"(max-width: 720px) 100vw, 720px\" \/> <img decoding=\"async\" class=\"wp-image-599 size-full aligncenter\" src=\"https:\/\/www.carbonfiberinsoles.shop\/wp-content\/uploads\/2024\/10\/Carbon-Fiber-Insoles-Boost-Explosive-Power-and-Bounce-Arch-Support-Shock-Absorption-Injury-Prevention-Alleviate-Foot-Pain-1-7.png\" alt=\"Palmilhas de fibra de carbono - aumentam a pot\u00eancia explosiva e o ressalto, d\u00e3o suporte ao arco, absorvem o choque, previnem les\u00f5es e aliviam a dor nos p\u00e9s (1)\" width=\"750\" height=\"1000\" srcset=\"https:\/\/www.carbonfiberinsoles.shop\/wp-content\/uploads\/2024\/10\/Carbon-Fiber-Insoles-Boost-Explosive-Power-and-Bounce-Arch-Support-Shock-Absorption-Injury-Prevention-Alleviate-Foot-Pain-1-7.png 750w, https:\/\/www.carbonfiberinsoles.shop\/wp-content\/uploads\/2024\/10\/Carbon-Fiber-Insoles-Boost-Explosive-Power-and-Bounce-Arch-Support-Shock-Absorption-Injury-Prevention-Alleviate-Foot-Pain-1-7-430x573.png 430w, https:\/\/www.carbonfiberinsoles.shop\/wp-content\/uploads\/2024\/10\/Carbon-Fiber-Insoles-Boost-Explosive-Power-and-Bounce-Arch-Support-Shock-Absorption-Injury-Prevention-Alleviate-Foot-Pain-1-7-700x933.png 700w, https:\/\/www.carbonfiberinsoles.shop\/wp-content\/uploads\/2024\/10\/Carbon-Fiber-Insoles-Boost-Explosive-Power-and-Bounce-Arch-Support-Shock-Absorption-Injury-Prevention-Alleviate-Foot-Pain-1-7-225x300.png 225w\" sizes=\"(max-width: 750px) 100vw, 750px\" \/><\/p>\n<p><img decoding=\"async\" class=\"aligncenter wp-image-602 size-full\" src=\"https:\/\/www.carbonfiberinsoles.shop\/wp-content\/uploads\/2024\/10\/Carbon-Fiber-Insoles-Boost-Explosive-Power-and-Bounce-Arch-Support-Shock-Absorption-Injury-Prevention-Alleviate-Foot-Pain-1-1.png\" alt=\"Palmilhas de fibra de carbono - aumentam a pot\u00eancia explosiva e o ressalto, d\u00e3o suporte ao arco, absorvem o choque, previnem les\u00f5es e aliviam a dor nos p\u00e9s (1)\" width=\"720\" height=\"720\" srcset=\"https:\/\/www.carbonfiberinsoles.shop\/wp-content\/uploads\/2024\/10\/Carbon-Fiber-Insoles-Boost-Explosive-Power-and-Bounce-Arch-Support-Shock-Absorption-Injury-Prevention-Alleviate-Foot-Pain-1-1.png 720w, https:\/\/www.carbonfiberinsoles.shop\/wp-content\/uploads\/2024\/10\/Carbon-Fiber-Insoles-Boost-Explosive-Power-and-Bounce-Arch-Support-Shock-Absorption-Injury-Prevention-Alleviate-Foot-Pain-1-1-430x430.png 430w, https:\/\/www.carbonfiberinsoles.shop\/wp-content\/uploads\/2024\/10\/Carbon-Fiber-Insoles-Boost-Explosive-Power-and-Bounce-Arch-Support-Shock-Absorption-Injury-Prevention-Alleviate-Foot-Pain-1-1-100x100.png 100w, https:\/\/www.carbonfiberinsoles.shop\/wp-content\/uploads\/2024\/10\/Carbon-Fiber-Insoles-Boost-Explosive-Power-and-Bounce-Arch-Support-Shock-Absorption-Injury-Prevention-Alleviate-Foot-Pain-1-1-700x700.png 700w, https:\/\/www.carbonfiberinsoles.shop\/wp-content\/uploads\/2024\/10\/Carbon-Fiber-Insoles-Boost-Explosive-Power-and-Bounce-Arch-Support-Shock-Absorption-Injury-Prevention-Alleviate-Foot-Pain-1-1-300x300.png 300w, https:\/\/www.carbonfiberinsoles.shop\/wp-content\/uploads\/2024\/10\/Carbon-Fiber-Insoles-Boost-Explosive-Power-and-Bounce-Arch-Support-Shock-Absorption-Injury-Prevention-Alleviate-Foot-Pain-1-1-150x150.png 150w\" sizes=\"(max-width: 720px) 100vw, 720px\" \/><\/p>\n<p>&nbsp;<\/p>\n<p><img loading=\"lazy\" decoding=\"async\" class=\"wp-image-519 size-full aligncenter\" src=\"https:\/\/www.carbonfiberinsoles.shop\/wp-content\/uploads\/2024\/09\/Carbon-Fiber-Insoles-for-Men-Women-Shock-Absorbing-Sport-Shoe-Insoles-for-Basketball-Voll-.jpg\" alt=\"Palmilhas de fibra de carbono para homens e mulheres, palmilhas de absor\u00e7\u00e3o de choque para cal\u00e7ados esportivos de basquete Voll ( (3)\" width=\"970\" height=\"600\" srcset=\"https:\/\/www.carbonfiberinsoles.shop\/wp-content\/uploads\/2024\/09\/Carbon-Fiber-Insoles-for-Men-Women-Shock-Absorbing-Sport-Shoe-Insoles-for-Basketball-Voll-.jpg 970w, https:\/\/www.carbonfiberinsoles.shop\/wp-content\/uploads\/2024\/09\/Carbon-Fiber-Insoles-for-Men-Women-Shock-Absorbing-Sport-Shoe-Insoles-for-Basketball-Voll--430x266.jpg 430w, https:\/\/www.carbonfiberinsoles.shop\/wp-content\/uploads\/2024\/09\/Carbon-Fiber-Insoles-for-Men-Women-Shock-Absorbing-Sport-Shoe-Insoles-for-Basketball-Voll--700x433.jpg 700w, https:\/\/www.carbonfiberinsoles.shop\/wp-content\/uploads\/2024\/09\/Carbon-Fiber-Insoles-for-Men-Women-Shock-Absorbing-Sport-Shoe-Insoles-for-Basketball-Voll--300x186.jpg 300w, https:\/\/www.carbonfiberinsoles.shop\/wp-content\/uploads\/2024\/09\/Carbon-Fiber-Insoles-for-Men-Women-Shock-Absorbing-Sport-Shoe-Insoles-for-Basketball-Voll--768x475.jpg 768w\" sizes=\"(max-width: 970px) 100vw, 970px\" \/><\/p>\n<p>&nbsp;<\/p>\n<p><img loading=\"lazy\" decoding=\"async\" class=\"wp-image-517 size-full aligncenter\" src=\"https:\/\/www.carbonfiberinsoles.shop\/wp-content\/uploads\/2024\/09\/Carbon-Fiber-Insoles-for-Men-Women-Shock-Absorbing-Sport-Shoe-Insoles-for-Basketball-Voll-3.jpg\" alt=\"Palmilhas de fibra de carbono para homens e mulheres, palmilhas de absor\u00e7\u00e3o de choque para cal\u00e7ados esportivos de basquete Voll ( (3)\" width=\"970\" height=\"600\" srcset=\"https:\/\/www.carbonfiberinsoles.shop\/wp-content\/uploads\/2024\/09\/Carbon-Fiber-Insoles-for-Men-Women-Shock-Absorbing-Sport-Shoe-Insoles-for-Basketball-Voll-3.jpg 970w, https:\/\/www.carbonfiberinsoles.shop\/wp-content\/uploads\/2024\/09\/Carbon-Fiber-Insoles-for-Men-Women-Shock-Absorbing-Sport-Shoe-Insoles-for-Basketball-Voll-3-430x266.jpg 430w, https:\/\/www.carbonfiberinsoles.shop\/wp-content\/uploads\/2024\/09\/Carbon-Fiber-Insoles-for-Men-Women-Shock-Absorbing-Sport-Shoe-Insoles-for-Basketball-Voll-3-700x433.jpg 700w, https:\/\/www.carbonfiberinsoles.shop\/wp-content\/uploads\/2024\/09\/Carbon-Fiber-Insoles-for-Men-Women-Shock-Absorbing-Sport-Shoe-Insoles-for-Basketball-Voll-3-300x186.jpg 300w, https:\/\/www.carbonfiberinsoles.shop\/wp-content\/uploads\/2024\/09\/Carbon-Fiber-Insoles-for-Men-Women-Shock-Absorbing-Sport-Shoe-Insoles-for-Basketball-Voll-3-768x475.jpg 768w\" sizes=\"(max-width: 970px) 100vw, 970px\" \/><\/p>\n<p><img loading=\"lazy\" decoding=\"async\" class=\"wp-image-512 size-large aligncenter\" src=\"https:\/\/www.carbonfiberinsoles.shop\/wp-content\/uploads\/2024\/09\/Gold-Performance-Insoles\u2013Customized-Carbon-Fiber-Inserts-Non-Cleated-Shoes\u2013Basketball-Volleyball-Racquet-Sports-Ru1-1024x239.png\" alt=\"Palmilhas Gold Performance - Inser\u00e7\u00f5es personalizadas de fibra de carbono, cal\u00e7ados sem rebordo - basquete, v\u00f4lei, esportes de raquete, Ru(1)\" width=\"1024\" height=\"239\" srcset=\"https:\/\/www.carbonfiberinsoles.shop\/wp-content\/uploads\/2024\/09\/Gold-Performance-Insoles\u2013Customized-Carbon-Fiber-Inserts-Non-Cleated-Shoes\u2013Basketball-Volleyball-Racquet-Sports-Ru1-1024x239.png 1024w, https:\/\/www.carbonfiberinsoles.shop\/wp-content\/uploads\/2024\/09\/Gold-Performance-Insoles\u2013Customized-Carbon-Fiber-Inserts-Non-Cleated-Shoes\u2013Basketball-Volleyball-Racquet-Sports-Ru1-430x100.png 430w, https:\/\/www.carbonfiberinsoles.shop\/wp-content\/uploads\/2024\/09\/Gold-Performance-Insoles\u2013Customized-Carbon-Fiber-Inserts-Non-Cleated-Shoes\u2013Basketball-Volleyball-Racquet-Sports-Ru1-700x164.png 700w, https:\/\/www.carbonfiberinsoles.shop\/wp-content\/uploads\/2024\/09\/Gold-Performance-Insoles\u2013Customized-Carbon-Fiber-Inserts-Non-Cleated-Shoes\u2013Basketball-Volleyball-Racquet-Sports-Ru1-300x70.png 300w, https:\/\/www.carbonfiberinsoles.shop\/wp-content\/uploads\/2024\/09\/Gold-Performance-Insoles\u2013Customized-Carbon-Fiber-Inserts-Non-Cleated-Shoes\u2013Basketball-Volleyball-Racquet-Sports-Ru1-768x179.png 768w, https:\/\/www.carbonfiberinsoles.shop\/wp-content\/uploads\/2024\/09\/Gold-Performance-Insoles\u2013Customized-Carbon-Fiber-Inserts-Non-Cleated-Shoes\u2013Basketball-Volleyball-Racquet-Sports-Ru1-1536x359.png 1536w, https:\/\/www.carbonfiberinsoles.shop\/wp-content\/uploads\/2024\/09\/Gold-Performance-Insoles\u2013Customized-Carbon-Fiber-Inserts-Non-Cleated-Shoes\u2013Basketball-Volleyball-Racquet-Sports-Ru1.png 1721w\" sizes=\"(max-width: 1024px) 100vw, 1024px\" \/><\/p>\n<p>&nbsp;<\/p>\n<p data-start=\"479\" data-end=\"853\"><em data-start=\"479\" data-end=\"490\">Vis\u00e3o geral:<\/em> Eleve seu desempenho atl\u00e9tico com nossas palmilhas de fibra de carbono, meticulosamente projetadas para aumentar a for\u00e7a explosiva e o salto. Essas palmilhas oferecem suporte excepcional para o arco e absor\u00e7\u00e3o de impactos, ajudando na preven\u00e7\u00e3o de les\u00f5es e aliviando a dor nos p\u00e9s. Elas s\u00e3o ideais para atletas que buscam melhorar seu desempenho e conforto durante atividades de alta intensidade.<\/p>\n<p data-start=\"855\" data-end=\"866\"><em data-start=\"855\" data-end=\"866\">Caracter\u00edsticas:<\/em><\/p>\n<ul data-start=\"867\" data-end=\"1538\">\n<li data-start=\"867\" data-end=\"1025\"><strong data-start=\"869\" data-end=\"900\">Placas de mola de fibra de carbono:<\/strong> Otimize a biomec\u00e2nica para aumentar a pot\u00eancia explosiva e o salto durante as atividades esportivas.\n<div class=\"relative inline-flex items-center\"><a class=\"ml-1 inline-flex h-[22px] items-center rounded-xl bg-[#f4f4f4] px-2 text-[0.5em] font-medium text-token-text-secondary dark:bg-token-main-surface-secondary !text-token-text-secondary uppercase hover:bg-token-text-primary hover:!text-token-main-surface-secondary dark:hover:bg-token-text-primary group\" href=\"https:\/\/www.insolesus.com\/product\/carbon-fiber-insoles-boost-explosive-power-and-bounce-arch-support-shock-absorption-injury-prevention-alleviate-foot-pain\/?utm_source=chatgpt.com\" target=\"_blank\" rel=\"noopener\"><span class=\"truncate\">palmilhas.com<\/span><\/a><\/div>\n<\/li>\n<li data-start=\"1026\" data-end=\"1187\"><strong data-start=\"1028\" data-end=\"1055\">Suporte ergon\u00f4mico para o arco:<\/strong> Oferece suporte perfeito para o arco com base na ergonomia dos p\u00e9s, reduzindo a fadiga e o desconforto.\n<div class=\"relative inline-flex items-center\"><a class=\"ml-1 inline-flex h-[22px] items-center rounded-xl bg-[#f4f4f4] px-2 text-[0.5em] font-medium text-token-text-secondary dark:bg-token-main-surface-secondary !text-token-text-secondary uppercase hover:bg-token-text-primary hover:!text-token-main-surface-secondary dark:hover:bg-token-text-primary group\" href=\"https:\/\/www.insolesus.com\/product\/carbon-fiber-insoles-boost-explosive-power-and-bounce-arch-support-shock-absorption-injury-prevention-alleviate-foot-pain\/?utm_source=chatgpt.com\" target=\"_blank\" rel=\"noopener\"><span class=\"truncate\">palmilhas.com<\/span><\/a><\/div>\n<\/li>\n<li data-start=\"1188\" data-end=\"1306\"><strong data-start=\"1190\" data-end=\"1211\">Absor\u00e7\u00e3o de choques:<\/strong> Atenua o impacto durante atividades de alta intensidade, aumentando o conforto e reduzindo o risco de les\u00f5es.<\/li>\n<li data-start=\"1307\" data-end=\"1413\"><strong data-start=\"1309\" data-end=\"1331\">Preven\u00e7\u00e3o de les\u00f5es:<\/strong> Apoia o alinhamento e a estabilidade dos p\u00e9s, ajudando a prevenir les\u00f5es esportivas comuns.<\/li>\n<li data-start=\"1414\" data-end=\"1538\"><strong data-start=\"1416\" data-end=\"1437\">Al\u00edvio da dor:<\/strong> Projetado para aliviar a dor nos p\u00e9s associada a condi\u00e7\u00f5es como fascite plantar e prona\u00e7\u00e3o excessiva.<\/li>\n<\/ul>\n<p data-start=\"1540\" data-end=\"1574\"><em data-start=\"1540\" data-end=\"1574\">Por que voc\u00ea deve comprar este produto:<\/em><\/p>\n<ul data-start=\"1575\" data-end=\"1934\">\n<li data-start=\"1575\" data-end=\"1699\"><strong data-start=\"1577\" data-end=\"1602\">Desempenho aprimorado:<\/strong> A constru\u00e7\u00e3o em fibra de carbono aumenta a pot\u00eancia explosiva e o salto, melhorando o desempenho atl\u00e9tico.<\/li>\n<li data-start=\"1700\" data-end=\"1819\"><strong data-start=\"1702\" data-end=\"1723\">Conforto superior:<\/strong> O design ergon\u00f4mico e a absor\u00e7\u00e3o de impactos proporcionam conforto duradouro durante atividades de alta intensidade.<\/li>\n<li data-start=\"1820\" data-end=\"1934\"><strong data-start=\"1822\" data-end=\"1840\">Uso vers\u00e1til:<\/strong> Adequado para v\u00e1rios esportes, incluindo corrida, basquete e outras atividades de alto impacto.<\/li>\n<\/ul>\n<p data-start=\"1936\" data-end=\"1943\"><em data-start=\"1936\" data-end=\"1943\">Perguntas frequentes:<\/em><\/p>\n<ol data-start=\"1945\" data-end=\"2411\">\n<li data-start=\"1945\" data-end=\"2092\">\n<p data-start=\"1948\" data-end=\"1998\"><strong data-start=\"1948\" data-end=\"1998\">Essas palmilhas s\u00e3o adequadas para todos os tipos de cal\u00e7ados?<\/strong><\/p>\n<ul data-start=\"2002\" data-end=\"2092\">\n<li data-start=\"2002\" data-end=\"2092\">Sim, seu design fino permite que eles se encaixem confortavelmente na maioria dos cal\u00e7ados esportivos e casuais.<\/li>\n<\/ul>\n<\/li>\n<li data-start=\"2094\" data-end=\"2266\">\n<p data-start=\"2097\" data-end=\"2138\"><strong data-start=\"2097\" data-end=\"2138\">Eles podem ajudar no tratamento da fascite plantar?<\/strong><\/p>\n<ul data-start=\"2142\" data-end=\"2266\">\n<li data-start=\"2142\" data-end=\"2266\">Sim, o suporte do arco e os recursos de absor\u00e7\u00e3o de impacto foram projetados para aliviar a dor nos p\u00e9s associada \u00e0 fascite plantar.<\/li>\n<\/ul>\n<\/li>\n<li data-start=\"2268\" data-end=\"2411\">\n<p data-start=\"2271\" data-end=\"2304\"><strong data-start=\"2271\" data-end=\"2304\">Como fa\u00e7o para limpar essas palmilhas?<\/strong><\/p>\n<ul data-start=\"2308\" data-end=\"2411\">\n<li data-start=\"2308\" data-end=\"2411\">Limpe-os suavemente com um pano \u00famido e sab\u00e3o neutro. Evite submergir na \u00e1gua ou usar produtos qu\u00edmicos agressivos.<\/li>\n<\/ul>\n<\/li>\n<\/ol>","protected":false},"excerpt":{"rendered":"<ul class=\"a-unordered-list a-vertical a-spacing-mini\">\n<li class=\"a-spacing-mini\"><strong>Principais recursos:<\/strong>\n<ul>\n<li><strong>Aumentar a pot\u00eancia explosiva<\/strong>: Aumente a altura e a pot\u00eancia de seus saltos com o sistema responsivo <strong>palmilhas de fibra de carbono<\/strong>.<\/li>\n<li><strong>Suporte superior para o arco<\/strong>: Proporciona o alinhamento ideal do p\u00e9 e reduz a tens\u00e3o durante atividades de alto impacto.<\/li>\n<li><strong>Absor\u00e7\u00e3o de choques<\/strong>: Minimiza o impacto sobre os p\u00e9s, reduzindo o risco de les\u00f5es e aliviando a dor nos p\u00e9s.<\/li>\n<li><strong>Preven\u00e7\u00e3o de les\u00f5es<\/strong>: Projetado para reduzir as chances de les\u00f5es esportivas comuns e oferecer prote\u00e7\u00e3o aos p\u00e9s.<\/li>\n<li><strong>Dur\u00e1vel e leve<\/strong>: A constru\u00e7\u00e3o em fibra de carbono \u00e9 forte e leve, garantindo conforto e suporte durante todo o dia.<\/li>\n<\/ul>\n<p>Leve seu jogo para o pr\u00f3ximo n\u00edvel com <strong>palmilhas de fibra de carbono<\/strong> que proporcionam o suporte e o aumento de desempenho de que voc\u00ea precisa. Quer voc\u00ea seja um atleta ou esteja apenas buscando mais conforto, essas palmilhas oferecem prote\u00e7\u00e3o e pot\u00eancia inigual\u00e1veis!<\/li>\n<\/ul>","protected":false},"featured_media":596,"comment_status":"open","ping_status":"closed","template":"","meta":{"_kadence_starter_templates_imported_post":false,"_kad_post_transparent":"default","_kad_post_title":"","_kad_post_layout":"default","_kad_post_sidebar_id":"","_kad_post_content_style":"default","_kad_post_vertical_padding":"default","_kad_post_feature":"","_kad_post_feature_position":"","_kad_post_header":false,"_kad_post_footer":false},"product_brand":[],"product_cat":[234,22],"product_tag":[51,49,47,50],"class_list":{"0":"post-593","1":"product","2":"type-product","3":"status-publish","4":"has-post-thumbnail","6":"product_cat-carbon-fibre-insoles-basketball","7":"product_cat-carbon-fiber-insoles","8":"product_tag-carbon-fiber-foot-insoles","9":"product_tag-carbon-fiber-insole","10":"product_tag-carbon-fiber-insoles","11":"product_tag-carbon-fiber-shoe-insoles","12":"pa_us-ca-size-m10-w12","13":"pa_us-ca-size-m5-5-w7-5-245mm","14":"pa_us-ca-size-m6-w8","15":"pa_us-ca-size-m7-5-w9-5-260mm","16":"pa_us-ca-size-m7-w9","17":"pa_us-ca-size-m8-5-w10-5-270mm","18":"pa_us-ca-size-m9-w11","20":"first","21":"instock","22":"shipping-taxable","23":"purchasable","24":"product-type-variable","25":"entry","26":"content-bg","27":"loop-entry"},"aioseo_notices":[],"_links":{"self":[{"href":"https:\/\/www.carbonfiberinsoles.shop\/pt\/wp-json\/wp\/v2\/product\/593","targetHints":{"allow":["GET"]}}],"collection":[{"href":"https:\/\/www.carbonfiberinsoles.shop\/pt\/wp-json\/wp\/v2\/product"}],"about":[{"href":"https:\/\/www.carbonfiberinsoles.shop\/pt\/wp-json\/wp\/v2\/types\/product"}],"replies":[{"embeddable":true,"href":"https:\/\/www.carbonfiberinsoles.shop\/pt\/wp-json\/wp\/v2\/comments?post=593"}],"version-history":[{"count":1,"href":"https:\/\/www.carbonfiberinsoles.shop\/pt\/wp-json\/wp\/v2\/product\/593\/revisions"}],"predecessor-version":[{"id":21593,"href":"https:\/\/www.carbonfiberinsoles.shop\/pt\/wp-json\/wp\/v2\/product\/593\/revisions\/21593"}],"wp:featuredmedia":[{"embeddable":true,"href":"https:\/\/www.carbonfiberinsoles.shop\/pt\/wp-json\/wp\/v2\/media\/596"}],"wp:attachment":[{"href":"https:\/\/www.carbonfiberinsoles.shop\/pt\/wp-json\/wp\/v2\/media?parent=593"}],"wp:term":[{"taxonomy":"product_brand","embeddable":true,"href":"https:\/\/www.carbonfiberinsoles.shop\/pt\/wp-json\/wp\/v2\/product_brand?post=593"},{"taxonomy":"product_cat","embeddable":true,"href":"https:\/\/www.carbonfiberinsoles.shop\/pt\/wp-json\/wp\/v2\/product_cat?post=593"},{"taxonomy":"product_tag","embeddable":true,"href":"https:\/\/www.carbonfiberinsoles.shop\/pt\/wp-json\/wp\/v2\/product_tag?post=593"}],"curies":[{"name":"wp","href":"https:\/\/api.w.org\/{rel}","templated":true}]}}