{"id":609,"date":"2024-10-07T13:00:16","date_gmt":"2024-10-07T13:00:16","guid":{"rendered":"https:\/\/www.carbonfiberinsoles.shop\/?post_type=product&#038;p=609"},"modified":"2025-06-07T03:32:25","modified_gmt":"2025-06-07T03:32:25","slug":"mortons-extension-orthoticcarbon-fiber-insolerigid-foot-support-insert-for-mortons-toeturf-toehallux-rigidusarthritis1-piece-27-5cm","status":"publish","type":"product","link":"https:\/\/www.carbonfiberinsoles.shop\/pt\/produto\/mortons-extension-orthoticcarbon-fiber-insolerigid-foot-support-insert-for-mortons-toeturf-toehallux-rigidusarthritis1-piece-27-5cm\/","title":{"rendered":"Palmilha ortop\u00e9dica de fibra de carbono para extens\u00e3o de Morton"},"content":{"rendered":"<p>Experimente o suporte inigual\u00e1vel e o al\u00edvio da dor com estes <strong>palmilhas de fibra de carbono<\/strong> com um design ortop\u00e9dico de extens\u00e3o de Morton. Criadas especificamente para pessoas que sofrem de doen\u00e7as como o dedo do p\u00e9 de Morton, o dedo do p\u00e9 de grama, Hallux Rigidus e artrite, essas palmilhas r\u00edgidas de apoio para os p\u00e9s proporcionam a estabilidade e o alinhamento necess\u00e1rios para aliviar o desconforto e melhorar a mobilidade.<\/p>\n<p>Fabricadas com fibra de carbono de alta qualidade, essas palmilhas s\u00e3o leves e excepcionalmente resistentes, oferecendo durabilidade duradoura sem adicionar volume desnecess\u00e1rio aos cal\u00e7ados. As <strong>palmilhas de fibra de carbono<\/strong> foram projetados para reduzir a press\u00e3o sobre o antep\u00e9, especialmente para aqueles que sofrem de dor causada pelo dedo do p\u00e9 de Morton ou condi\u00e7\u00f5es semelhantes, ajudando a aliviar a tens\u00e3o e a melhorar a fun\u00e7\u00e3o do p\u00e9.<\/p>\n<p>Perfeitas para uso di\u00e1rio em cal\u00e7ados casuais e esportivos, essas <strong>palmilhas de fibra de carbono<\/strong> proporcionam um suporte r\u00edgido que promove o alinhamento adequado do p\u00e9 e evita novas les\u00f5es. Quer voc\u00ea esteja caminhando, correndo ou simplesmente passando o dia, essas palmilhas ajudam a mant\u00ea-lo confort\u00e1vel e sem dor.<\/p>\n<p>&nbsp;<\/p>\n<p>&nbsp;<\/p>\n<p><img fetchpriority=\"high\" decoding=\"async\" class=\"wp-image-617 size-large\" src=\"https:\/\/www.carbonfiberinsoles.shop\/wp-content\/uploads\/2024\/10\/Mortons-Extension-OrthoticCarbon-Fiber-InsoleRigid-Foot-Support-Insert-for-Mortons-ToeTurf-Toe-8-1024x1024.jpg\" alt=\"Palmilha de fibra de carbono, palmilha r\u00edgida de apoio para os p\u00e9s para o dedo do p\u00e9 de Morton, dedo do p\u00e9 de grama (8)\" width=\"1024\" height=\"1024\" srcset=\"https:\/\/www.carbonfiberinsoles.shop\/wp-content\/uploads\/2024\/10\/Mortons-Extension-OrthoticCarbon-Fiber-InsoleRigid-Foot-Support-Insert-for-Mortons-ToeTurf-Toe-8-1024x1024.jpg 1024w, https:\/\/www.carbonfiberinsoles.shop\/wp-content\/uploads\/2024\/10\/Mortons-Extension-OrthoticCarbon-Fiber-InsoleRigid-Foot-Support-Insert-for-Mortons-ToeTurf-Toe-8-430x430.jpg 430w, https:\/\/www.carbonfiberinsoles.shop\/wp-content\/uploads\/2024\/10\/Mortons-Extension-OrthoticCarbon-Fiber-InsoleRigid-Foot-Support-Insert-for-Mortons-ToeTurf-Toe-8-100x100.jpg 100w, https:\/\/www.carbonfiberinsoles.shop\/wp-content\/uploads\/2024\/10\/Mortons-Extension-OrthoticCarbon-Fiber-InsoleRigid-Foot-Support-Insert-for-Mortons-ToeTurf-Toe-8-700x700.jpg 700w, https:\/\/www.carbonfiberinsoles.shop\/wp-content\/uploads\/2024\/10\/Mortons-Extension-OrthoticCarbon-Fiber-InsoleRigid-Foot-Support-Insert-for-Mortons-ToeTurf-Toe-8-300x300.jpg 300w, https:\/\/www.carbonfiberinsoles.shop\/wp-content\/uploads\/2024\/10\/Mortons-Extension-OrthoticCarbon-Fiber-InsoleRigid-Foot-Support-Insert-for-Mortons-ToeTurf-Toe-8-150x150.jpg 150w, https:\/\/www.carbonfiberinsoles.shop\/wp-content\/uploads\/2024\/10\/Mortons-Extension-OrthoticCarbon-Fiber-InsoleRigid-Foot-Support-Insert-for-Mortons-ToeTurf-Toe-8-768x768.jpg 768w, https:\/\/www.carbonfiberinsoles.shop\/wp-content\/uploads\/2024\/10\/Mortons-Extension-OrthoticCarbon-Fiber-InsoleRigid-Foot-Support-Insert-for-Mortons-ToeTurf-Toe-8.jpg 1329w\" sizes=\"(max-width: 1024px) 100vw, 1024px\" \/><\/p>\n<p><img decoding=\"async\" class=\"wp-image-610 size-large\" src=\"https:\/\/www.carbonfiberinsoles.shop\/wp-content\/uploads\/2024\/10\/Mortons-Extension-OrthoticCarbon-Fiber-InsoleRigid-Foot-Support-Insert-for-Mortons-ToeTurf-Toe-1-1024x982.jpg\" alt=\"Palmilha de fibra de carbono, palmilha r\u00edgida de apoio para os p\u00e9s para o dedo do p\u00e9 de Morton, dedo do p\u00e9 de grama (8)\" width=\"1024\" height=\"982\" srcset=\"https:\/\/www.carbonfiberinsoles.shop\/wp-content\/uploads\/2024\/10\/Mortons-Extension-OrthoticCarbon-Fiber-InsoleRigid-Foot-Support-Insert-for-Mortons-ToeTurf-Toe-1-1024x982.jpg 1024w, https:\/\/www.carbonfiberinsoles.shop\/wp-content\/uploads\/2024\/10\/Mortons-Extension-OrthoticCarbon-Fiber-InsoleRigid-Foot-Support-Insert-for-Mortons-ToeTurf-Toe-1-430x413.jpg 430w, https:\/\/www.carbonfiberinsoles.shop\/wp-content\/uploads\/2024\/10\/Mortons-Extension-OrthoticCarbon-Fiber-InsoleRigid-Foot-Support-Insert-for-Mortons-ToeTurf-Toe-1-700x672.jpg 700w, https:\/\/www.carbonfiberinsoles.shop\/wp-content\/uploads\/2024\/10\/Mortons-Extension-OrthoticCarbon-Fiber-InsoleRigid-Foot-Support-Insert-for-Mortons-ToeTurf-Toe-1-300x288.jpg 300w, https:\/\/www.carbonfiberinsoles.shop\/wp-content\/uploads\/2024\/10\/Mortons-Extension-OrthoticCarbon-Fiber-InsoleRigid-Foot-Support-Insert-for-Mortons-ToeTurf-Toe-1-768x737.jpg 768w, https:\/\/www.carbonfiberinsoles.shop\/wp-content\/uploads\/2024\/10\/Mortons-Extension-OrthoticCarbon-Fiber-InsoleRigid-Foot-Support-Insert-for-Mortons-ToeTurf-Toe-1.jpg 1500w\" sizes=\"(max-width: 1024px) 100vw, 1024px\" \/><\/p>\n<p><img decoding=\"async\" class=\"wp-image-611 size-large\" src=\"https:\/\/www.carbonfiberinsoles.shop\/wp-content\/uploads\/2024\/10\/Mortons-Extension-OrthoticCarbon-Fiber-InsoleRigid-Foot-Support-Insert-for-Mortons-ToeTurf-Toe-2-806x1024.jpg\" alt=\"Palmilha de fibra de carbono, palmilha r\u00edgida de apoio para os p\u00e9s para o dedo do p\u00e9 de Morton, dedo do p\u00e9 de grama (8)\" width=\"806\" height=\"1024\" srcset=\"https:\/\/www.carbonfiberinsoles.shop\/wp-content\/uploads\/2024\/10\/Mortons-Extension-OrthoticCarbon-Fiber-InsoleRigid-Foot-Support-Insert-for-Mortons-ToeTurf-Toe-2-806x1024.jpg 806w, https:\/\/www.carbonfiberinsoles.shop\/wp-content\/uploads\/2024\/10\/Mortons-Extension-OrthoticCarbon-Fiber-InsoleRigid-Foot-Support-Insert-for-Mortons-ToeTurf-Toe-2-430x546.jpg 430w, https:\/\/www.carbonfiberinsoles.shop\/wp-content\/uploads\/2024\/10\/Mortons-Extension-OrthoticCarbon-Fiber-InsoleRigid-Foot-Support-Insert-for-Mortons-ToeTurf-Toe-2-700x889.jpg 700w, https:\/\/www.carbonfiberinsoles.shop\/wp-content\/uploads\/2024\/10\/Mortons-Extension-OrthoticCarbon-Fiber-InsoleRigid-Foot-Support-Insert-for-Mortons-ToeTurf-Toe-2-236x300.jpg 236w, https:\/\/www.carbonfiberinsoles.shop\/wp-content\/uploads\/2024\/10\/Mortons-Extension-OrthoticCarbon-Fiber-InsoleRigid-Foot-Support-Insert-for-Mortons-ToeTurf-Toe-2-768x975.jpg 768w, https:\/\/www.carbonfiberinsoles.shop\/wp-content\/uploads\/2024\/10\/Mortons-Extension-OrthoticCarbon-Fiber-InsoleRigid-Foot-Support-Insert-for-Mortons-ToeTurf-Toe-2.jpg 1175w\" sizes=\"(max-width: 806px) 100vw, 806px\" \/><\/p>\n<p><img loading=\"lazy\" decoding=\"async\" class=\"wp-image-613 size-full\" src=\"https:\/\/www.carbonfiberinsoles.shop\/wp-content\/uploads\/2024\/10\/Mortons-Extension-OrthoticCarbon-Fiber-InsoleRigid-Foot-Support-Insert-for-Mortons-ToeTurf-Toe-4.jpg\" alt=\"Palmilha de fibra de carbono, palmilha r\u00edgida de apoio para os p\u00e9s para o dedo do p\u00e9 de Morton, dedo do p\u00e9 de grama (8)\" width=\"970\" height=\"300\" srcset=\"https:\/\/www.carbonfiberinsoles.shop\/wp-content\/uploads\/2024\/10\/Mortons-Extension-OrthoticCarbon-Fiber-InsoleRigid-Foot-Support-Insert-for-Mortons-ToeTurf-Toe-4.jpg 970w, https:\/\/www.carbonfiberinsoles.shop\/wp-content\/uploads\/2024\/10\/Mortons-Extension-OrthoticCarbon-Fiber-InsoleRigid-Foot-Support-Insert-for-Mortons-ToeTurf-Toe-4-430x133.jpg 430w, https:\/\/www.carbonfiberinsoles.shop\/wp-content\/uploads\/2024\/10\/Mortons-Extension-OrthoticCarbon-Fiber-InsoleRigid-Foot-Support-Insert-for-Mortons-ToeTurf-Toe-4-700x216.jpg 700w, https:\/\/www.carbonfiberinsoles.shop\/wp-content\/uploads\/2024\/10\/Mortons-Extension-OrthoticCarbon-Fiber-InsoleRigid-Foot-Support-Insert-for-Mortons-ToeTurf-Toe-4-300x93.jpg 300w, https:\/\/www.carbonfiberinsoles.shop\/wp-content\/uploads\/2024\/10\/Mortons-Extension-OrthoticCarbon-Fiber-InsoleRigid-Foot-Support-Insert-for-Mortons-ToeTurf-Toe-4-768x238.jpg 768w\" sizes=\"(max-width: 970px) 100vw, 970px\" \/> <img loading=\"lazy\" decoding=\"async\" class=\"wp-image-618 size-large\" src=\"https:\/\/www.carbonfiberinsoles.shop\/wp-content\/uploads\/2024\/10\/Mortons-Extension-OrthoticCarbon-Fiber-InsoleRigid-Foot-Support-Insert-for-Mortons-ToeTurf-Toe-9-1022x1024.jpg\" alt=\"Palmilha de fibra de carbono, palmilha r\u00edgida de apoio para os p\u00e9s para o dedo do p\u00e9 de Morton, dedo do p\u00e9 de grama (8)\" width=\"1022\" height=\"1024\" srcset=\"https:\/\/www.carbonfiberinsoles.shop\/wp-content\/uploads\/2024\/10\/Mortons-Extension-OrthoticCarbon-Fiber-InsoleRigid-Foot-Support-Insert-for-Mortons-ToeTurf-Toe-9-1022x1024.jpg 1022w, https:\/\/www.carbonfiberinsoles.shop\/wp-content\/uploads\/2024\/10\/Mortons-Extension-OrthoticCarbon-Fiber-InsoleRigid-Foot-Support-Insert-for-Mortons-ToeTurf-Toe-9-430x431.jpg 430w, https:\/\/www.carbonfiberinsoles.shop\/wp-content\/uploads\/2024\/10\/Mortons-Extension-OrthoticCarbon-Fiber-InsoleRigid-Foot-Support-Insert-for-Mortons-ToeTurf-Toe-9-100x100.jpg 100w, https:\/\/www.carbonfiberinsoles.shop\/wp-content\/uploads\/2024\/10\/Mortons-Extension-OrthoticCarbon-Fiber-InsoleRigid-Foot-Support-Insert-for-Mortons-ToeTurf-Toe-9-700x701.jpg 700w, https:\/\/www.carbonfiberinsoles.shop\/wp-content\/uploads\/2024\/10\/Mortons-Extension-OrthoticCarbon-Fiber-InsoleRigid-Foot-Support-Insert-for-Mortons-ToeTurf-Toe-9-300x300.jpg 300w, https:\/\/www.carbonfiberinsoles.shop\/wp-content\/uploads\/2024\/10\/Mortons-Extension-OrthoticCarbon-Fiber-InsoleRigid-Foot-Support-Insert-for-Mortons-ToeTurf-Toe-9-150x150.jpg 150w, https:\/\/www.carbonfiberinsoles.shop\/wp-content\/uploads\/2024\/10\/Mortons-Extension-OrthoticCarbon-Fiber-InsoleRigid-Foot-Support-Insert-for-Mortons-ToeTurf-Toe-9-768x770.jpg 768w, https:\/\/www.carbonfiberinsoles.shop\/wp-content\/uploads\/2024\/10\/Mortons-Extension-OrthoticCarbon-Fiber-InsoleRigid-Foot-Support-Insert-for-Mortons-ToeTurf-Toe-9.jpg 1471w\" sizes=\"(max-width: 1022px) 100vw, 1022px\" \/> <img loading=\"lazy\" decoding=\"async\" class=\"wp-image-619 size-large\" src=\"https:\/\/www.carbonfiberinsoles.shop\/wp-content\/uploads\/2024\/10\/Mortons-Extension-OrthoticCarbon-Fiber-InsoleRigid-Foot-Support-Insert-for-Mortons-ToeTurf-Toe-10-1024x997.jpg\" alt=\"Palmilha de fibra de carbono, palmilha r\u00edgida de apoio para os p\u00e9s para o dedo do p\u00e9 de Morton, dedo do p\u00e9 de grama (8)\" width=\"1024\" height=\"997\" srcset=\"https:\/\/www.carbonfiberinsoles.shop\/wp-content\/uploads\/2024\/10\/Mortons-Extension-OrthoticCarbon-Fiber-InsoleRigid-Foot-Support-Insert-for-Mortons-ToeTurf-Toe-10-1024x997.jpg 1024w, https:\/\/www.carbonfiberinsoles.shop\/wp-content\/uploads\/2024\/10\/Mortons-Extension-OrthoticCarbon-Fiber-InsoleRigid-Foot-Support-Insert-for-Mortons-ToeTurf-Toe-10-430x419.jpg 430w, https:\/\/www.carbonfiberinsoles.shop\/wp-content\/uploads\/2024\/10\/Mortons-Extension-OrthoticCarbon-Fiber-InsoleRigid-Foot-Support-Insert-for-Mortons-ToeTurf-Toe-10-700x682.jpg 700w, https:\/\/www.carbonfiberinsoles.shop\/wp-content\/uploads\/2024\/10\/Mortons-Extension-OrthoticCarbon-Fiber-InsoleRigid-Foot-Support-Insert-for-Mortons-ToeTurf-Toe-10-300x292.jpg 300w, https:\/\/www.carbonfiberinsoles.shop\/wp-content\/uploads\/2024\/10\/Mortons-Extension-OrthoticCarbon-Fiber-InsoleRigid-Foot-Support-Insert-for-Mortons-ToeTurf-Toe-10-768x748.jpg 768w, https:\/\/www.carbonfiberinsoles.shop\/wp-content\/uploads\/2024\/10\/Mortons-Extension-OrthoticCarbon-Fiber-InsoleRigid-Foot-Support-Insert-for-Mortons-ToeTurf-Toe-10.jpg 1500w\" sizes=\"(max-width: 1024px) 100vw, 1024px\" \/><\/p>\n<p>&nbsp;<\/p>\n<p>&nbsp;<\/p>\n<p><img loading=\"lazy\" decoding=\"async\" class=\"aligncenter wp-image-612 size-full\" src=\"https:\/\/www.carbonfiberinsoles.shop\/wp-content\/uploads\/2024\/10\/Mortons-Extension-OrthoticCarbon-Fiber-InsoleRigid-Foot-Support-Insert-for-Mortons-ToeTurf-Toe-3.jpg\" alt=\"Palmilha de fibra de carbono, palmilha r\u00edgida de apoio para os p\u00e9s para o dedo do p\u00e9 de Morton, dedo do p\u00e9 de grama (8)\" width=\"970\" height=\"600\" srcset=\"https:\/\/www.carbonfiberinsoles.shop\/wp-content\/uploads\/2024\/10\/Mortons-Extension-OrthoticCarbon-Fiber-InsoleRigid-Foot-Support-Insert-for-Mortons-ToeTurf-Toe-3.jpg 970w, https:\/\/www.carbonfiberinsoles.shop\/wp-content\/uploads\/2024\/10\/Mortons-Extension-OrthoticCarbon-Fiber-InsoleRigid-Foot-Support-Insert-for-Mortons-ToeTurf-Toe-3-430x266.jpg 430w, https:\/\/www.carbonfiberinsoles.shop\/wp-content\/uploads\/2024\/10\/Mortons-Extension-OrthoticCarbon-Fiber-InsoleRigid-Foot-Support-Insert-for-Mortons-ToeTurf-Toe-3-700x433.jpg 700w, https:\/\/www.carbonfiberinsoles.shop\/wp-content\/uploads\/2024\/10\/Mortons-Extension-OrthoticCarbon-Fiber-InsoleRigid-Foot-Support-Insert-for-Mortons-ToeTurf-Toe-3-300x186.jpg 300w, https:\/\/www.carbonfiberinsoles.shop\/wp-content\/uploads\/2024\/10\/Mortons-Extension-OrthoticCarbon-Fiber-InsoleRigid-Foot-Support-Insert-for-Mortons-ToeTurf-Toe-3-768x475.jpg 768w\" sizes=\"(max-width: 970px) 100vw, 970px\" \/><\/p>\n<p>&nbsp;<\/p>\n<p data-start=\"443\" data-end=\"804\"><em data-start=\"443\" data-end=\"454\">Vis\u00e3o geral:<\/em> Nossa palmilha ortop\u00e9dica de fibra de carbono para extens\u00e3o de Morton foi meticulosamente projetada para oferecer suporte r\u00edgido aos p\u00e9s de pessoas que sofrem de dedo do p\u00e9 de Morton, dedo do p\u00e9 de turfa, Hallux Rigidus e artrite. Medindo 27,5 cm, essa palmilha proporciona al\u00edvio direcionado ao limitar o movimento do ded\u00e3o do p\u00e9, reduzindo assim o desconforto e melhorando a fun\u00e7\u00e3o geral do p\u00e9.<\/p>\n<p data-start=\"806\" data-end=\"817\"><em data-start=\"806\" data-end=\"817\">Caracter\u00edsticas:<\/em><\/p>\n<ul data-start=\"818\" data-end=\"1303\">\n<li data-start=\"818\" data-end=\"944\"><strong data-start=\"820\" data-end=\"850\">Constru\u00e7\u00e3o em fibra de carbono:<\/strong> Fabricada com fibra de carbono de alta qualidade, essa palmilha garante durabilidade e suporte eficaz.<\/li>\n<li data-start=\"945\" data-end=\"1103\"><strong data-start=\"947\" data-end=\"977\">Morton's Extension Design:<\/strong> Especificamente projetado para limitar o movimento do ded\u00e3o do p\u00e9, proporcionando al\u00edvio para condi\u00e7\u00f5es como Hallux Rigidus e Turf Toe.<\/li>\n<li data-start=\"1104\" data-end=\"1220\"><strong data-start=\"1106\" data-end=\"1129\">Apoio r\u00edgido para os p\u00e9s:<\/strong> Oferece suporte firme para aliviar a dor associada \u00e0 artrite e a outros problemas nos p\u00e9s.<\/li>\n<li data-start=\"1221\" data-end=\"1303\"><strong data-start=\"1223\" data-end=\"1241\">Ajuste vers\u00e1til:<\/strong> Adequado para cal\u00e7ados masculinos de tamanho 11 e femininos de tamanho 12.<\/li>\n<\/ul>\n<p data-start=\"1305\" data-end=\"1339\"><em data-start=\"1305\" data-end=\"1339\">Por que voc\u00ea deve comprar este produto:<\/em><\/p>\n<ul data-start=\"1340\" data-end=\"1712\">\n<li data-start=\"1340\" data-end=\"1453\"><strong data-start=\"1342\" data-end=\"1362\">Al\u00edvio direcionado:<\/strong> Oferece suporte especializado para condi\u00e7\u00f5es espec\u00edficas dos p\u00e9s, aumentando o conforto e a mobilidade.<\/li>\n<li data-start=\"1454\" data-end=\"1587\"><strong data-start=\"1456\" data-end=\"1484\">Dur\u00e1vel e leve:<\/strong> O material de fibra de carbono garante um uso duradouro sem adicionar peso desnecess\u00e1rio ao cal\u00e7ado.<\/li>\n<li data-start=\"1588\" data-end=\"1712\"><strong data-start=\"1590\" data-end=\"1611\">F\u00e1cil integra\u00e7\u00e3o:<\/strong> Adapta-se perfeitamente a v\u00e1rios tipos de cal\u00e7ados, tornando-o um complemento vers\u00e1til para sua cole\u00e7\u00e3o de cal\u00e7ados.<\/li>\n<\/ul>\n<p data-start=\"1714\" data-end=\"1721\"><em data-start=\"1714\" data-end=\"1721\">Perguntas frequentes:<\/em><\/p>\n<ol data-start=\"1723\" data-end=\"2079\">\n<li data-start=\"1723\" data-end=\"1849\">\n<p data-start=\"1726\" data-end=\"1768\"><strong data-start=\"1726\" data-end=\"1768\">Essa palmilha \u00e9 adequada para uso di\u00e1rio?<\/strong><\/p>\n<ul data-start=\"1772\" data-end=\"1849\">\n<li data-start=\"1772\" data-end=\"1849\">Sim, ele foi projetado para uso di\u00e1rio para oferecer suporte e al\u00edvio cont\u00ednuos.<\/li>\n<\/ul>\n<\/li>\n<li data-start=\"1851\" data-end=\"1968\">\n<p data-start=\"1854\" data-end=\"1898\"><strong data-start=\"1854\" data-end=\"1898\">Posso usar essa palmilha em cal\u00e7ados esportivos?<\/strong><\/p>\n<ul data-start=\"1902\" data-end=\"1968\">\n<li data-start=\"1902\" data-end=\"1968\">Sem d\u00favida, ele \u00e9 adequado para cal\u00e7ados casuais e esportivos.<\/li>\n<\/ul>\n<\/li>\n<li data-start=\"1970\" data-end=\"2079\">\n<p data-start=\"1973\" data-end=\"2003\"><strong data-start=\"1973\" data-end=\"2003\">Como fa\u00e7o para limpar a palmilha?<\/strong><\/p>\n<ul data-start=\"2007\" data-end=\"2079\">\n<li data-start=\"2007\" data-end=\"2079\">Limpe-o com um pano \u00famido e sab\u00e3o neutro; evite mergulh\u00e1-lo na \u00e1gua.<\/li>\n<\/ul>\n<\/li>\n<\/ol>","protected":false},"excerpt":{"rendered":"<ul class=\"a-unordered-list a-vertical a-spacing-mini\">\n<li class=\"a-spacing-mini\"><strong>Principais recursos:<\/strong>\n<ul>\n<li><strong>Projeto de extens\u00e3o da Morton's<\/strong>: Fornece suporte direcionado para o dedo do p\u00e9 de Morton, dedo do p\u00e9 de turfa, Hallux Rigidus e artrite.<\/li>\n<li><strong>Constru\u00e7\u00e3o r\u00edgida em fibra de carbono<\/strong>: Leve e dur\u00e1vel, garantindo o m\u00e1ximo apoio para os p\u00e9s sem aumentar o volume.<\/li>\n<li><strong>Al\u00edvio da dor e estabilidade<\/strong>: Reduz a press\u00e3o no antep\u00e9 e ap\u00f3ia o alinhamento do p\u00e9 para maior conforto.<\/li>\n<li><strong>Uso vers\u00e1til<\/strong>: Ideal para uso di\u00e1rio em cal\u00e7ados casuais, t\u00eanis esportivos ou botas de trabalho.<\/li>\n<li><strong>Durabilidade duradoura<\/strong>: A fibra de carbono de alta qualidade garante que essas palmilhas resistam ao desgaste di\u00e1rio, mantendo sua estrutura de suporte.<\/li>\n<\/ul>\n<p>Alivie a dor nos p\u00e9s e melhore sua mobilidade com estes <strong>palmilhas de fibra de carbono<\/strong> Concebido para pessoas com p\u00e9 torto e outros problemas nos p\u00e9s. Aproveite os benef\u00edcios de um suporte r\u00edgido e leve para mant\u00ea-lo ativo e confort\u00e1vel durante todo o dia.<\/li>\n<\/ul>","protected":false},"featured_media":617,"comment_status":"open","ping_status":"closed","template":"","meta":{"_kadence_starter_templates_imported_post":false,"_kad_post_transparent":"default","_kad_post_title":"","_kad_post_layout":"default","_kad_post_sidebar_id":"","_kad_post_content_style":"default","_kad_post_vertical_padding":"default","_kad_post_feature":"","_kad_post_feature_position":"","_kad_post_header":false,"_kad_post_footer":false},"product_brand":[],"product_cat":[22,241,237],"product_tag":[51,49,47,50],"class_list":{"0":"post-609","1":"product","2":"type-product","3":"status-publish","4":"has-post-thumbnail","6":"product_cat-carbon-fiber-insoles","7":"product_cat-carbon-fiber-insoles-golf","8":"product_cat-carbon-fiber-medical-insoles","9":"product_tag-carbon-fiber-foot-insoles","10":"product_tag-carbon-fiber-insole","11":"product_tag-carbon-fiber-insoles","12":"product_tag-carbon-fiber-shoe-insoles","13":"pa_us-ca-size-m10-5-w12-5-285mm","14":"pa_us-ca-size-m10-w12","15":"pa_us-ca-size-m11-5-w13-5-295mm","16":"pa_us-ca-size-m11-w13","17":"pa_us-ca-size-m3-5-w5-5-225mm","18":"pa_us-ca-size-m3-w5","19":"pa_us-ca-size-m4-5-w6-5-235mm","20":"pa_us-ca-size-m4-w6","21":"pa_us-ca-size-m5-5-w7-5-245mm","22":"pa_us-ca-size-m5-w7","23":"pa_us-ca-size-m6-w8","24":"pa_us-ca-size-m7-5-w9-5-260mm","25":"pa_us-ca-size-m7-w9","26":"pa_us-ca-size-m8-5-w10-5-270mm","27":"pa_us-ca-size-m8-w10","28":"pa_us-ca-size-m9-w11","30":"first","31":"instock","32":"shipping-taxable","33":"purchasable","34":"product-type-variable","35":"entry","36":"content-bg","37":"loop-entry"},"aioseo_notices":[],"_links":{"self":[{"href":"https:\/\/www.carbonfiberinsoles.shop\/pt\/wp-json\/wp\/v2\/product\/609","targetHints":{"allow":["GET"]}}],"collection":[{"href":"https:\/\/www.carbonfiberinsoles.shop\/pt\/wp-json\/wp\/v2\/product"}],"about":[{"href":"https:\/\/www.carbonfiberinsoles.shop\/pt\/wp-json\/wp\/v2\/types\/product"}],"replies":[{"embeddable":true,"href":"https:\/\/www.carbonfiberinsoles.shop\/pt\/wp-json\/wp\/v2\/comments?post=609"}],"version-history":[{"count":0,"href":"https:\/\/www.carbonfiberinsoles.shop\/pt\/wp-json\/wp\/v2\/product\/609\/revisions"}],"wp:featuredmedia":[{"embeddable":true,"href":"https:\/\/www.carbonfiberinsoles.shop\/pt\/wp-json\/wp\/v2\/media\/617"}],"wp:attachment":[{"href":"https:\/\/www.carbonfiberinsoles.shop\/pt\/wp-json\/wp\/v2\/media?parent=609"}],"wp:term":[{"taxonomy":"product_brand","embeddable":true,"href":"https:\/\/www.carbonfiberinsoles.shop\/pt\/wp-json\/wp\/v2\/product_brand?post=609"},{"taxonomy":"product_cat","embeddable":true,"href":"https:\/\/www.carbonfiberinsoles.shop\/pt\/wp-json\/wp\/v2\/product_cat?post=609"},{"taxonomy":"product_tag","embeddable":true,"href":"https:\/\/www.carbonfiberinsoles.shop\/pt\/wp-json\/wp\/v2\/product_tag?post=609"}],"curies":[{"name":"wp","href":"https:\/\/api.w.org\/{rel}","templated":true}]}}