{"id":66,"date":"2024-09-25T14:35:20","date_gmt":"2024-09-25T14:35:20","guid":{"rendered":"https:\/\/carbonfiberinsoles.shop\/?post_type=product&#038;p=66"},"modified":"2025-06-07T03:21:18","modified_gmt":"2025-06-07T03:21:18","slug":"carbon-fiber-insoles-1-pair-rigid-insole-insert-for-pain-relief-recovery-of-arthritic-toe-turf-toe-hallux-rigidus-mortons-toe-rigid-foot-support","status":"publish","type":"product","link":"https:\/\/www.carbonfiberinsoles.shop\/pt\/produto\/carbon-fiber-insoles-1-pair-rigid-insole-insert-for-pain-relief-recovery-of-arthritic-toe-turf-toe-hallux-rigidus-mortons-toe-rigid-foot-support\/","title":{"rendered":"Palmilhas de fibra de carbono Suporte de arco para al\u00edvio da dor e recupera\u00e7\u00e3o"},"content":{"rendered":"<div id=\"detailBullets_feature_div\">\n<p>&nbsp;<\/p>\n<div id=\"detailBullets_feature_div\">\n<p>Obtenha o m\u00e1ximo de apoio e al\u00edvio com nosso <strong>Inser\u00e7\u00e3o de sapato de fibra de carbono<\/strong>A bota de apoio para os p\u00e9s foi projetada para fornecer um suporte r\u00edgido para os p\u00e9s de pessoas que sofrem de artrite nos dedos, dedos de turfa, Hallux Rigidus e dedos de Morton. Essas palmilhas de alta qualidade <strong>palmilhas de fibra de carbono<\/strong> s\u00e3o projetados para ajudar no al\u00edvio da dor e na recupera\u00e7\u00e3o, estabilizando o p\u00e9, reduzindo a press\u00e3o em \u00e1reas sens\u00edveis e melhorando o alinhamento.<\/p>\n<p>Fabricadas com fibra de carbono leve e dur\u00e1vel, essas palmilhas oferecem rigidez inigual\u00e1vel, mantendo o conforto para o uso di\u00e1rio. Quer esteja se recuperando de uma les\u00e3o ou tratando de problemas cr\u00f4nicos nos p\u00e9s, as palmilhas <strong>palmilhas de fibra de carbono<\/strong> trabalham para aliviar a dor e fornecer o suporte de longo prazo de que seus p\u00e9s precisam.<\/p>\n<p>Perfeitos para cal\u00e7ados esportivos, botas de trabalho ou cal\u00e7ados de uso di\u00e1rio, esses <strong>palmilhas de fibra de carbono<\/strong> s\u00e3o vers\u00e1teis o suficiente para se encaixar perfeitamente em qualquer cal\u00e7ado sem adicionar volume desnecess\u00e1rio. Assuma o controle da sa\u00fade dos seus p\u00e9s e desfrute de uma melhor mobilidade com palmilhas projetadas especificamente para reduzir a dor e melhorar a recupera\u00e7\u00e3o.<\/p>\n<\/div>\n<p>&nbsp;<\/p>\n<p><img fetchpriority=\"high\" decoding=\"async\" class=\"wp-image-493 size-full aligncenter\" title=\"Palmilhas de fibra de carbono\" src=\"https:\/\/www.carbonfiberinsoles.shop\/wp-content\/uploads\/2024\/10\/Carbon-Fiber-Insoles-1-Pair-Rigid-Insole-Insert-for-Pain-Relief-Recovery-of-Ar-9.jpg\" alt=\"Palmilhas de fibra de carbono, 1 par de palmilhas r\u00edgidas para al\u00edvio da dor e recupera\u00e7\u00e3o de les\u00f5es (2)\" width=\"970\" height=\"600\" srcset=\"https:\/\/www.carbonfiberinsoles.shop\/wp-content\/uploads\/2024\/10\/Carbon-Fiber-Insoles-1-Pair-Rigid-Insole-Insert-for-Pain-Relief-Recovery-of-Ar-9.jpg 970w, https:\/\/www.carbonfiberinsoles.shop\/wp-content\/uploads\/2024\/10\/Carbon-Fiber-Insoles-1-Pair-Rigid-Insole-Insert-for-Pain-Relief-Recovery-of-Ar-9-430x266.jpg 430w, https:\/\/www.carbonfiberinsoles.shop\/wp-content\/uploads\/2024\/10\/Carbon-Fiber-Insoles-1-Pair-Rigid-Insole-Insert-for-Pain-Relief-Recovery-of-Ar-9-700x433.jpg 700w, https:\/\/www.carbonfiberinsoles.shop\/wp-content\/uploads\/2024\/10\/Carbon-Fiber-Insoles-1-Pair-Rigid-Insole-Insert-for-Pain-Relief-Recovery-of-Ar-9-300x186.jpg 300w, https:\/\/www.carbonfiberinsoles.shop\/wp-content\/uploads\/2024\/10\/Carbon-Fiber-Insoles-1-Pair-Rigid-Insole-Insert-for-Pain-Relief-Recovery-of-Ar-9-768x475.jpg 768w\" sizes=\"(max-width: 970px) 100vw, 970px\" \/><\/p>\n<p><img decoding=\"async\" class=\"aligncenter wp-image-494 size-full\" title=\"Palmilhas de fibra de carbono, 1 par de palmilhas r\u00edgidas para al\u00edvio da dor e recupera\u00e7\u00e3o de les\u00f5es (2)\" src=\"https:\/\/www.carbonfiberinsoles.shop\/wp-content\/uploads\/2024\/10\/Carbon-Fiber-Insoles-1-Pair-Rigid-Insole-Insert-for-Pain-Relief-Recovery-of-Ar-10.jpg\" alt=\"Palmilhas de fibra de carbono, 1 par de palmilhas r\u00edgidas para al\u00edvio da dor e recupera\u00e7\u00e3o de les\u00f5es (2)\" width=\"970\" height=\"600\" srcset=\"https:\/\/www.carbonfiberinsoles.shop\/wp-content\/uploads\/2024\/10\/Carbon-Fiber-Insoles-1-Pair-Rigid-Insole-Insert-for-Pain-Relief-Recovery-of-Ar-10.jpg 970w, https:\/\/www.carbonfiberinsoles.shop\/wp-content\/uploads\/2024\/10\/Carbon-Fiber-Insoles-1-Pair-Rigid-Insole-Insert-for-Pain-Relief-Recovery-of-Ar-10-430x266.jpg 430w, https:\/\/www.carbonfiberinsoles.shop\/wp-content\/uploads\/2024\/10\/Carbon-Fiber-Insoles-1-Pair-Rigid-Insole-Insert-for-Pain-Relief-Recovery-of-Ar-10-700x433.jpg 700w, https:\/\/www.carbonfiberinsoles.shop\/wp-content\/uploads\/2024\/10\/Carbon-Fiber-Insoles-1-Pair-Rigid-Insole-Insert-for-Pain-Relief-Recovery-of-Ar-10-300x186.jpg 300w, https:\/\/www.carbonfiberinsoles.shop\/wp-content\/uploads\/2024\/10\/Carbon-Fiber-Insoles-1-Pair-Rigid-Insole-Insert-for-Pain-Relief-Recovery-of-Ar-10-768x475.jpg 768w\" sizes=\"(max-width: 970px) 100vw, 970px\" \/><\/p>\n<p><img decoding=\"async\" class=\"wp-image-606 size-full aligncenter\" src=\"https:\/\/www.carbonfiberinsoles.shop\/wp-content\/uploads\/2024\/09\/Carbon-Fiber-Insoles-1-Pair-Rigid-Insole-Insert-for-Pain-Relief-Recovery-of-Arthritic-Toe-Turf-Toe-Hallux-rigidus2-4.jpg\" alt=\"Palmilhas de fibra de carbono, 1 par de palmilhas r\u00edgidas para al\u00edvio da dor e recupera\u00e7\u00e3o de dedos do p\u00e9 artr\u00edticos, Hallux rigidus2 (7)\" width=\"970\" height=\"600\" srcset=\"https:\/\/www.carbonfiberinsoles.shop\/wp-content\/uploads\/2024\/09\/Carbon-Fiber-Insoles-1-Pair-Rigid-Insole-Insert-for-Pain-Relief-Recovery-of-Arthritic-Toe-Turf-Toe-Hallux-rigidus2-4.jpg 970w, https:\/\/www.carbonfiberinsoles.shop\/wp-content\/uploads\/2024\/09\/Carbon-Fiber-Insoles-1-Pair-Rigid-Insole-Insert-for-Pain-Relief-Recovery-of-Arthritic-Toe-Turf-Toe-Hallux-rigidus2-4-430x266.jpg 430w, https:\/\/www.carbonfiberinsoles.shop\/wp-content\/uploads\/2024\/09\/Carbon-Fiber-Insoles-1-Pair-Rigid-Insole-Insert-for-Pain-Relief-Recovery-of-Arthritic-Toe-Turf-Toe-Hallux-rigidus2-4-700x433.jpg 700w, https:\/\/www.carbonfiberinsoles.shop\/wp-content\/uploads\/2024\/09\/Carbon-Fiber-Insoles-1-Pair-Rigid-Insole-Insert-for-Pain-Relief-Recovery-of-Arthritic-Toe-Turf-Toe-Hallux-rigidus2-4-300x186.jpg 300w, https:\/\/www.carbonfiberinsoles.shop\/wp-content\/uploads\/2024\/09\/Carbon-Fiber-Insoles-1-Pair-Rigid-Insole-Insert-for-Pain-Relief-Recovery-of-Arthritic-Toe-Turf-Toe-Hallux-rigidus2-4-768x475.jpg 768w\" sizes=\"(max-width: 970px) 100vw, 970px\" \/> <img loading=\"lazy\" decoding=\"async\" class=\"wp-image-608 size-full aligncenter\" src=\"https:\/\/www.carbonfiberinsoles.shop\/wp-content\/uploads\/2024\/09\/Carbon-Fiber-Insoles-1-Pair-Rigid-Insole-Insert-for-Pain-Relief-Recovery-of-Arthritic-Toe-Turf-Toe-Hallux-rigidus2-7.jpg\" alt=\"Palmilhas de fibra de carbono, 1 par de palmilhas r\u00edgidas para al\u00edvio da dor e recupera\u00e7\u00e3o de dedos do p\u00e9 artr\u00edticos, Hallux rigidus2 (7)\" width=\"970\" height=\"600\" srcset=\"https:\/\/www.carbonfiberinsoles.shop\/wp-content\/uploads\/2024\/09\/Carbon-Fiber-Insoles-1-Pair-Rigid-Insole-Insert-for-Pain-Relief-Recovery-of-Arthritic-Toe-Turf-Toe-Hallux-rigidus2-7.jpg 970w, https:\/\/www.carbonfiberinsoles.shop\/wp-content\/uploads\/2024\/09\/Carbon-Fiber-Insoles-1-Pair-Rigid-Insole-Insert-for-Pain-Relief-Recovery-of-Arthritic-Toe-Turf-Toe-Hallux-rigidus2-7-430x266.jpg 430w, https:\/\/www.carbonfiberinsoles.shop\/wp-content\/uploads\/2024\/09\/Carbon-Fiber-Insoles-1-Pair-Rigid-Insole-Insert-for-Pain-Relief-Recovery-of-Arthritic-Toe-Turf-Toe-Hallux-rigidus2-7-700x433.jpg 700w, https:\/\/www.carbonfiberinsoles.shop\/wp-content\/uploads\/2024\/09\/Carbon-Fiber-Insoles-1-Pair-Rigid-Insole-Insert-for-Pain-Relief-Recovery-of-Arthritic-Toe-Turf-Toe-Hallux-rigidus2-7-300x186.jpg 300w, https:\/\/www.carbonfiberinsoles.shop\/wp-content\/uploads\/2024\/09\/Carbon-Fiber-Insoles-1-Pair-Rigid-Insole-Insert-for-Pain-Relief-Recovery-of-Arthritic-Toe-Turf-Toe-Hallux-rigidus2-7-768x475.jpg 768w\" sizes=\"(max-width: 970px) 100vw, 970px\" \/> <img loading=\"lazy\" decoding=\"async\" class=\"wp-image-607 size-full aligncenter\" src=\"https:\/\/www.carbonfiberinsoles.shop\/wp-content\/uploads\/2024\/09\/Carbon-Fiber-Insoles-1-Pair-Rigid-Insole-Insert-for-Pain-Relief-Recovery-of-Arthritic-Toe-Turf-Toe-Hallux-rigidus2-6.jpg\" alt=\"Palmilhas de fibra de carbono, 1 par de palmilhas r\u00edgidas para al\u00edvio da dor e recupera\u00e7\u00e3o de dedos do p\u00e9 artr\u00edticos, Hallux rigidus2 (7)\" width=\"970\" height=\"600\" srcset=\"https:\/\/www.carbonfiberinsoles.shop\/wp-content\/uploads\/2024\/09\/Carbon-Fiber-Insoles-1-Pair-Rigid-Insole-Insert-for-Pain-Relief-Recovery-of-Arthritic-Toe-Turf-Toe-Hallux-rigidus2-6.jpg 970w, https:\/\/www.carbonfiberinsoles.shop\/wp-content\/uploads\/2024\/09\/Carbon-Fiber-Insoles-1-Pair-Rigid-Insole-Insert-for-Pain-Relief-Recovery-of-Arthritic-Toe-Turf-Toe-Hallux-rigidus2-6-430x266.jpg 430w, https:\/\/www.carbonfiberinsoles.shop\/wp-content\/uploads\/2024\/09\/Carbon-Fiber-Insoles-1-Pair-Rigid-Insole-Insert-for-Pain-Relief-Recovery-of-Arthritic-Toe-Turf-Toe-Hallux-rigidus2-6-700x433.jpg 700w, https:\/\/www.carbonfiberinsoles.shop\/wp-content\/uploads\/2024\/09\/Carbon-Fiber-Insoles-1-Pair-Rigid-Insole-Insert-for-Pain-Relief-Recovery-of-Arthritic-Toe-Turf-Toe-Hallux-rigidus2-6-300x186.jpg 300w, https:\/\/www.carbonfiberinsoles.shop\/wp-content\/uploads\/2024\/09\/Carbon-Fiber-Insoles-1-Pair-Rigid-Insole-Insert-for-Pain-Relief-Recovery-of-Arthritic-Toe-Turf-Toe-Hallux-rigidus2-6-768x475.jpg 768w\" sizes=\"(max-width: 970px) 100vw, 970px\" \/><img loading=\"lazy\" decoding=\"async\" class=\"wp-image-492 size-full aligncenter\" src=\"https:\/\/www.carbonfiberinsoles.shop\/wp-content\/uploads\/2024\/10\/Carbon-Fiber-Insoles-1-Pair-Rigid-Insole-Insert-for-Pain-Relief-Recovery-of-Ar-8.jpg\" alt=\"Palmilhas de fibra de carbono, 1 par de palmilhas r\u00edgidas para al\u00edvio da dor e recupera\u00e7\u00e3o de les\u00f5es (2)\" width=\"970\" height=\"600\" srcset=\"https:\/\/www.carbonfiberinsoles.shop\/wp-content\/uploads\/2024\/10\/Carbon-Fiber-Insoles-1-Pair-Rigid-Insole-Insert-for-Pain-Relief-Recovery-of-Ar-8.jpg 970w, https:\/\/www.carbonfiberinsoles.shop\/wp-content\/uploads\/2024\/10\/Carbon-Fiber-Insoles-1-Pair-Rigid-Insole-Insert-for-Pain-Relief-Recovery-of-Ar-8-430x266.jpg 430w, https:\/\/www.carbonfiberinsoles.shop\/wp-content\/uploads\/2024\/10\/Carbon-Fiber-Insoles-1-Pair-Rigid-Insole-Insert-for-Pain-Relief-Recovery-of-Ar-8-700x433.jpg 700w, https:\/\/www.carbonfiberinsoles.shop\/wp-content\/uploads\/2024\/10\/Carbon-Fiber-Insoles-1-Pair-Rigid-Insole-Insert-for-Pain-Relief-Recovery-of-Ar-8-300x186.jpg 300w, https:\/\/www.carbonfiberinsoles.shop\/wp-content\/uploads\/2024\/10\/Carbon-Fiber-Insoles-1-Pair-Rigid-Insole-Insert-for-Pain-Relief-Recovery-of-Ar-8-768x475.jpg 768w\" sizes=\"(max-width: 970px) 100vw, 970px\" \/> <img loading=\"lazy\" decoding=\"async\" class=\"wp-image-486 size-full aligncenter\" src=\"https:\/\/www.carbonfiberinsoles.shop\/wp-content\/uploads\/2024\/10\/Carbon-Fiber-Insoles-1-Pair-Rigid-Insole-Insert-for-Pain-Relief-Recovery-of-Ar-2.jpg\" alt=\"Palmilhas de fibra de carbono, 1 par de palmilhas r\u00edgidas para al\u00edvio da dor e recupera\u00e7\u00e3o de les\u00f5es (2)\" width=\"970\" height=\"600\" srcset=\"https:\/\/www.carbonfiberinsoles.shop\/wp-content\/uploads\/2024\/10\/Carbon-Fiber-Insoles-1-Pair-Rigid-Insole-Insert-for-Pain-Relief-Recovery-of-Ar-2.jpg 970w, https:\/\/www.carbonfiberinsoles.shop\/wp-content\/uploads\/2024\/10\/Carbon-Fiber-Insoles-1-Pair-Rigid-Insole-Insert-for-Pain-Relief-Recovery-of-Ar-2-430x266.jpg 430w, https:\/\/www.carbonfiberinsoles.shop\/wp-content\/uploads\/2024\/10\/Carbon-Fiber-Insoles-1-Pair-Rigid-Insole-Insert-for-Pain-Relief-Recovery-of-Ar-2-700x433.jpg 700w, https:\/\/www.carbonfiberinsoles.shop\/wp-content\/uploads\/2024\/10\/Carbon-Fiber-Insoles-1-Pair-Rigid-Insole-Insert-for-Pain-Relief-Recovery-of-Ar-2-300x186.jpg 300w, https:\/\/www.carbonfiberinsoles.shop\/wp-content\/uploads\/2024\/10\/Carbon-Fiber-Insoles-1-Pair-Rigid-Insole-Insert-for-Pain-Relief-Recovery-of-Ar-2-768x475.jpg 768w\" sizes=\"(max-width: 970px) 100vw, 970px\" \/><\/p>\n<\/div>\n<p>&nbsp;<\/p>\n<p data-start=\"359\" data-end=\"682\"><em data-start=\"359\" data-end=\"370\">Vis\u00e3o geral:<\/em> Nossas palmilhas de fibra de carbono s\u00e3o meticulosamente projetadas para oferecer suporte excepcional e aliviar a dor no p\u00e9 associada a condi\u00e7\u00f5es como dedo do p\u00e9 artr\u00edtico, dedo do p\u00e9 de grama, hallux rigidus e dedo do p\u00e9 de Morton. O design r\u00edgido garante o m\u00ednimo de movimento do p\u00e9 dentro do cal\u00e7ado, promovendo uma recupera\u00e7\u00e3o mais r\u00e1pida e maior conforto.<\/p>\n<p data-start=\"684\" data-end=\"695\"><em data-start=\"684\" data-end=\"695\">Caracter\u00edsticas:<\/em><\/p>\n<ul data-start=\"696\" data-end=\"1193\">\n<li data-start=\"696\" data-end=\"855\"><strong data-start=\"698\" data-end=\"711\">Material:<\/strong> Fabricado com fibra de carbono de alta qualidade, conhecida por suas propriedades leves e robustas, garantindo durabilidade sem adicionar peso desnecess\u00e1rio.<\/li>\n<li data-start=\"856\" data-end=\"968\"><strong data-start=\"858\" data-end=\"869\">Design:<\/strong> A estrutura r\u00edgida minimiza a flex\u00e3o do p\u00e9, proporcionando estabilidade e reduzindo a tens\u00e3o nas \u00e1reas afetadas.<\/li>\n<li data-start=\"969\" data-end=\"1104\"><strong data-start=\"971\" data-end=\"989\">Compatibilidade:<\/strong> Adequado para v\u00e1rios tipos de cal\u00e7ados, incluindo cal\u00e7ados esportivos, casuais e sociais, o que o torna vers\u00e1til para o uso di\u00e1rio.<\/li>\n<li data-start=\"1105\" data-end=\"1193\"><strong data-start=\"1107\" data-end=\"1117\">Tamanhos:<\/strong> Dispon\u00edvel em v\u00e1rios tamanhos para acomodar cal\u00e7ados masculinos e femininos.<\/li>\n<\/ul>\n<p data-start=\"1195\" data-end=\"1229\"><em data-start=\"1195\" data-end=\"1229\">Por que voc\u00ea deve comprar este produto:<\/em><\/p>\n<ul data-start=\"1230\" data-end=\"1760\">\n<li data-start=\"1230\" data-end=\"1368\"><strong data-start=\"1232\" data-end=\"1248\">Al\u00edvio da dor:<\/strong> Reduz de forma eficaz o desconforto causado por doen\u00e7as comuns nos p\u00e9s, limitando os movimentos prejudiciais e fornecendo o suporte necess\u00e1rio.<\/li>\n<li data-start=\"1369\" data-end=\"1506\"><strong data-start=\"1371\" data-end=\"1396\">Desempenho aprimorado:<\/strong> Ideal para atletas e pessoas ativas que buscam manter os n\u00edveis de atividade enquanto controlam as condi\u00e7\u00f5es dos p\u00e9s.<\/li>\n<li data-start=\"1507\" data-end=\"1632\"><strong data-start=\"1509\" data-end=\"1534\">Constru\u00e7\u00e3o dur\u00e1vel:<\/strong> A fibra de carbono garante a longevidade, tornando essas palmilhas uma solu\u00e7\u00e3o econ\u00f4mica para uso a longo prazo.<\/li>\n<li data-start=\"1633\" data-end=\"1760\"><strong data-start=\"1635\" data-end=\"1659\">Conforto leve:<\/strong> Apesar de sua rigidez, as palmilhas s\u00e3o leves, garantindo que n\u00e3o aumentem o volume do cal\u00e7ado.<\/li>\n<\/ul>\n<p data-start=\"1762\" data-end=\"1769\"><em data-start=\"1762\" data-end=\"1769\">Perguntas frequentes:<\/em><\/p>\n<ol data-start=\"1771\" data-end=\"2420\">\n<li data-start=\"1771\" data-end=\"1902\">\n<p data-start=\"1774\" data-end=\"1820\"><strong data-start=\"1774\" data-end=\"1820\">Essas palmilhas s\u00e3o adequadas para uso di\u00e1rio?<\/strong><\/p>\n<ul data-start=\"1824\" data-end=\"1902\">\n<li data-start=\"1824\" data-end=\"1902\">Sim, eles s\u00e3o projetados para uso di\u00e1rio e se ajustam confortavelmente \u00e0 maioria dos tipos de cal\u00e7ados.<\/li>\n<\/ul>\n<\/li>\n<li data-start=\"1904\" data-end=\"2107\">\n<p data-start=\"1907\" data-end=\"1957\"><strong data-start=\"1907\" data-end=\"1957\">Essas palmilhas podem ajudar no tratamento da fascite plantar?<\/strong><\/p>\n<ul data-start=\"1961\" data-end=\"2107\">\n<li data-start=\"1961\" data-end=\"2107\">Embora tenha sido projetado principalmente para condi\u00e7\u00f5es como o turf toe e o hallux rigidus, o suporte r\u00edgido tamb\u00e9m pode beneficiar indiv\u00edduos com fascite plantar.<\/li>\n<\/ul>\n<\/li>\n<li data-start=\"2109\" data-end=\"2256\">\n<p data-start=\"2112\" data-end=\"2156\"><strong data-start=\"2112\" data-end=\"2156\">Como fa\u00e7o para limpar e manter as palmilhas?<\/strong><\/p>\n<ul data-start=\"2160\" data-end=\"2256\">\n<li data-start=\"2160\" data-end=\"2256\">Limpe-os com um pano \u00famido e sab\u00e3o neutro. Evite submergir na \u00e1gua ou usar produtos qu\u00edmicos agressivos.<\/li>\n<\/ul>\n<\/li>\n<li data-start=\"2258\" data-end=\"2420\">\n<p data-start=\"2261\" data-end=\"2311\"><strong data-start=\"2261\" data-end=\"2311\">Preciso cortar as palmilhas para que caibam em meus sapatos?<\/strong><\/p>\n<ul data-start=\"2315\" data-end=\"2420\">\n<li data-start=\"2315\" data-end=\"2420\">Eles s\u00e3o fornecidos em tamanhos espec\u00edficos; no entanto, um pequeno corte pode ser feito, se necess\u00e1rio, para obter um ajuste perfeito.<\/li>\n<\/ul>\n<\/li>\n<\/ol>","protected":false},"excerpt":{"rendered":"<ul class=\"a-unordered-list a-vertical a-spacing-mini\">\n<li class=\"a-spacing-mini\"><strong>Principais recursos:<\/strong>\n<ul>\n<li><strong>Suporte r\u00edgido de fibra de carbono<\/strong>: Estabiliza o p\u00e9 e reduz a press\u00e3o para al\u00edvio da dor e recupera\u00e7\u00e3o mais r\u00e1pida.<\/li>\n<li><strong>Al\u00edvio da dor para problemas nos p\u00e9s<\/strong>: Ideal para o tratamento de dedos do p\u00e9 artr\u00edticos, dedos do p\u00e9 de grama, Hallux Rigidus e dedos do p\u00e9 de Morton.<\/li>\n<li><strong>Dur\u00e1vel e leve<\/strong>: A constru\u00e7\u00e3o em fibra de carbono de alta qualidade proporciona um suporte forte, por\u00e9m leve.<\/li>\n<li><strong>Uso vers\u00e1til<\/strong>: Adequado para cal\u00e7ados esportivos, botas de trabalho e cal\u00e7ados de uso di\u00e1rio.<\/li>\n<li><strong>Melhora a mobilidade<\/strong>: Ajuda voc\u00ea a se movimentar com mais conforto, apoiando o alinhamento dos p\u00e9s e reduzindo o desconforto.<\/li>\n<\/ul>\n<p>D\u00ea o primeiro passo para caminhar sem dor hoje mesmo com nosso\u00a0<strong>palmilhas de fibra de carbono<\/strong>\u00a0projetado para proporcionar o m\u00e1ximo de conforto e al\u00edvio!<\/li>\n<\/ul>","protected":false},"featured_media":605,"comment_status":"open","ping_status":"closed","template":"","meta":{"_kadence_starter_templates_imported_post":false,"_kad_post_transparent":"default","_kad_post_title":"","_kad_post_layout":"default","_kad_post_sidebar_id":"","_kad_post_content_style":"default","_kad_post_vertical_padding":"default","_kad_post_feature":"","_kad_post_feature_position":"","_kad_post_header":false,"_kad_post_footer":false},"product_brand":[],"product_cat":[234,22,237,236,238],"product_tag":[51,47,50,48],"class_list":{"0":"post-66","1":"product","2":"type-product","3":"status-publish","4":"has-post-thumbnail","6":"product_cat-carbon-fibre-insoles-basketball","7":"product_cat-carbon-fiber-insoles","8":"product_cat-carbon-fiber-medical-insoles","9":"product_cat-carbon-fiber-insoles-running","10":"product_cat-carbon-fiber-insoles-walking-and-hiking","11":"product_tag-carbon-fiber-foot-insoles","12":"product_tag-carbon-fiber-insoles","13":"product_tag-carbon-fiber-shoe-insoles","14":"product_tag-insoles","15":"pa_us-ca-size-m1-w3-200mm","16":"pa_us-ca-size-m2-w4-210mm","17":"pa_us-ca-size-m3-w5","18":"pa_us-ca-size-m3-5-w5-5-225mm","19":"pa_us-ca-size-m4-w6","20":"pa_us-ca-size-m4-5-w6-5-235mm","21":"pa_us-ca-size-m5-w7","22":"pa_us-ca-size-m5-5-w7-5-245mm","23":"pa_us-ca-size-m6-w8","24":"pa_us-ca-size-m7-w9","25":"pa_us-ca-size-m7-5-w9-5-260mm","26":"pa_us-ca-size-m8-5-w10-5-270mm","27":"pa_us-ca-size-m8-w10","29":"first","30":"instock","31":"sale","32":"shipping-taxable","33":"purchasable","34":"product-type-variable","35":"entry","36":"content-bg","37":"loop-entry"},"aioseo_notices":[],"_links":{"self":[{"href":"https:\/\/www.carbonfiberinsoles.shop\/pt\/wp-json\/wp\/v2\/product\/66","targetHints":{"allow":["GET"]}}],"collection":[{"href":"https:\/\/www.carbonfiberinsoles.shop\/pt\/wp-json\/wp\/v2\/product"}],"about":[{"href":"https:\/\/www.carbonfiberinsoles.shop\/pt\/wp-json\/wp\/v2\/types\/product"}],"replies":[{"embeddable":true,"href":"https:\/\/www.carbonfiberinsoles.shop\/pt\/wp-json\/wp\/v2\/comments?post=66"}],"version-history":[{"count":0,"href":"https:\/\/www.carbonfiberinsoles.shop\/pt\/wp-json\/wp\/v2\/product\/66\/revisions"}],"wp:featuredmedia":[{"embeddable":true,"href":"https:\/\/www.carbonfiberinsoles.shop\/pt\/wp-json\/wp\/v2\/media\/605"}],"wp:attachment":[{"href":"https:\/\/www.carbonfiberinsoles.shop\/pt\/wp-json\/wp\/v2\/media?parent=66"}],"wp:term":[{"taxonomy":"product_brand","embeddable":true,"href":"https:\/\/www.carbonfiberinsoles.shop\/pt\/wp-json\/wp\/v2\/product_brand?post=66"},{"taxonomy":"product_cat","embeddable":true,"href":"https:\/\/www.carbonfiberinsoles.shop\/pt\/wp-json\/wp\/v2\/product_cat?post=66"},{"taxonomy":"product_tag","embeddable":true,"href":"https:\/\/www.carbonfiberinsoles.shop\/pt\/wp-json\/wp\/v2\/product_tag?post=66"}],"curies":[{"name":"wp","href":"https:\/\/api.w.org\/{rel}","templated":true}]}}